{"id":50,"date":"2022-11-18T03:05:51","date_gmt":"2022-11-18T03:05:51","guid":{"rendered":"http:\/\/blog.blindajemedico.org\/?page_id=50"},"modified":"2022-11-25T19:48:16","modified_gmt":"2022-11-25T19:48:16","slug":"servicios","status":"publish","type":"page","link":"https:\/\/blog.blindajemedico.org\/index.php\/servicios\/","title":{"rendered":""},"content":{"rendered":"\n<div style=\"height:33px\" aria-hidden=\"true\" class=\"wp-block-spacer\"><\/div>\n\n\n\n<p class=\"has-white-color has-text-color has-large-font-size\"><strong>SERVICIOS<\/strong><\/p>\n\n\n\n<div style=\"height:33px\" aria-hidden=\"true\" class=\"wp-block-spacer\"><\/div>\n\n\n\n<figure class=\"wp-block-image size-full is-resized\"><img decoding=\"async\" loading=\"lazy\" src=\"https:\/\/blog.blindajemedico.org\/wp-content\/uploads\/2022\/11\/SERVICIOS-1.png\" alt=\"\" class=\"wp-image-267\" width=\"940\" height=\"350\" srcset=\"https:\/\/blog.blindajemedico.org\/wp-content\/uploads\/2022\/11\/SERVICIOS-1.png 753w, https:\/\/blog.blindajemedico.org\/wp-content\/uploads\/2022\/11\/SERVICIOS-1-300x112.png 300w, https:\/\/blog.blindajemedico.org\/wp-content\/uploads\/2022\/11\/SERVICIOS-1-600x223.png 600w\" sizes=\"(max-width: 940px) 100vw, 940px\" \/><\/figure>\n\n\n\n<div style=\"height:15px\" aria-hidden=\"true\" class=\"wp-block-spacer\"><\/div>\n\n\n\n<blockquote class=\"wp-block-quote has-luminous-vivid-amber-color has-text-color\">\n<p class=\"has-white-color has-text-color has-large-font-size\"><strong>Nuestro servicio<\/strong><\/p>\n<\/blockquote>\n\n\n\n<p class=\"has-white-color has-text-color has-large-font-size\"><strong>es \u00fanico porque:<\/strong><\/p>\n\n\n\n<div style=\"height:15px\" aria-hidden=\"true\" class=\"wp-block-spacer\"><\/div>\n\n\n\n<ul class=\"has-white-color has-text-color\" style=\"font-size:18px\">\n<li>Ofrecemos un plan de documentos de blindaje preventivo<\/li>\n\n\n\n<li>Otorgamos asesor\u00eda y defensa personalizada ilimitada, con abogados expertos, peritos y accionistas de la firma.<\/li>\n\n\n\n<li>Defendemos tu prestigio en medios de comunicaci\u00f3n, Organismos internos e Instituciones de Salud (IMSS, ISSSTE, SSA , PEMEX, entre otros)<\/li>\n\n\n\n<li>Cobertura competitiva y sin l\u00edmite de gastos en tu defensa&nbsp;<\/li>\n<\/ul>\n\n\n\n<div style=\"height:27px\" aria-hidden=\"true\" class=\"wp-block-spacer\"><\/div>\n\n\n\n<p class=\"has-white-color has-text-color has-medium-font-size\">Estamos contigo para ofrecerte opciones que garantizan tu tranquilidad.<\/p>\n\n\n\n<div style=\"height:33px\" aria-hidden=\"true\" class=\"wp-block-spacer\"><\/div>\n\n\n\n<div style=\"height:11px\" aria-hidden=\"true\" class=\"wp-block-spacer\"><\/div>\n\n\n\n<blockquote class=\"wp-block-quote has-luminous-vivid-amber-color has-text-color\">\n<p class=\"has-white-color has-text-color has-large-font-size\"><strong>Convenios especiales a:&nbsp;<\/strong><\/p>\n<\/blockquote>\n\n\n\n<ul class=\"has-white-color has-text-color\" style=\"font-size:18px\">\n<li>M\u00e9dico Urgenci\u00f3logo<\/li>\n\n\n\n<li>M\u00e9dico Familiar<\/li>\n\n\n\n<li>Medicina Cr\u00edtica<\/li>\n\n\n\n<li>M\u00e9dico Residente<\/li>\n\n\n\n<li>Enfermer\u00eda<\/li>\n\n\n\n<li>M\u00e9dico Pasante<\/li>\n<\/ul>\n\n\n\n<p><\/p>\n\n\n\n<div style=\"height:44px\" aria-hidden=\"true\" class=\"wp-block-spacer\"><\/div>\n\n\n\n<p class=\"has-white-color has-text-color has-medium-font-size\">Solicita m\u00e1s informaci\u00f3n y asesor\u00eda<a href=\"https:\/\/wa.link\/2rvaza\"> dando clic aqu\u00ed.<\/a><\/p>\n\n\n\n<div style=\"height:100px\" aria-hidden=\"true\" class=\"wp-block-spacer\"><\/div>\n\n\n\n<hr class=\"wp-block-separator has-text-color has-luminous-vivid-amber-color has-alpha-channel-opacity has-luminous-vivid-amber-background-color has-background\"\/>\n","protected":false},"excerpt":{"rendered":"<p>SERVICIOS Nuestro servicio es \u00fanico porque: Estamos contigo para ofrecerte opciones que garantizan tu tranquilidad. Convenios especiales a:&nbsp; Solicita m\u00e1s informaci\u00f3n y asesor\u00eda dando clic aqu\u00ed.<\/p>\n","protected":false},"author":1,"featured_media":0,"parent":0,"menu_order":0,"comment_status":"closed","ping_status":"closed","template":"","meta":{"content-type":"","om_disable_all_campaigns":false,"_monsterinsights_skip_tracking":false,"_monsterinsights_sitenote_active":false,"_monsterinsights_sitenote_note":"","_monsterinsights_sitenote_category":0},"aioseo_notices":[],"jetpack_likes_enabled":true,"jetpack_sharing_enabled":true,"_links":{"self":[{"href":"https:\/\/blog.blindajemedico.org\/index.php\/wp-json\/wp\/v2\/pages\/50"}],"collection":[{"href":"https:\/\/blog.blindajemedico.org\/index.php\/wp-json\/wp\/v2\/pages"}],"about":[{"href":"https:\/\/blog.blindajemedico.org\/index.php\/wp-json\/wp\/v2\/types\/page"}],"author":[{"embeddable":true,"href":"https:\/\/blog.blindajemedico.org\/index.php\/wp-json\/wp\/v2\/users\/1"}],"replies":[{"embeddable":true,"href":"https:\/\/blog.blindajemedico.org\/index.php\/wp-json\/wp\/v2\/comments?post=50"}],"version-history":[{"count":26,"href":"https:\/\/blog.blindajemedico.org\/index.php\/wp-json\/wp\/v2\/pages\/50\/revisions"}],"predecessor-version":[{"id":448,"href":"https:\/\/blog.blindajemedico.org\/index.php\/wp-json\/wp\/v2\/pages\/50\/revisions\/448"}],"wp:attachment":[{"href":"https:\/\/blog.blindajemedico.org\/index.php\/wp-json\/wp\/v2\/media?parent=50"}],"curies":[{"name":"wp","href":"https:\/\/api.w.org\/{rel}","templated":true}]}}