{"id":49,"date":"2022-11-18T03:05:51","date_gmt":"2022-11-18T03:05:51","guid":{"rendered":"http:\/\/blog.blindajemedico.org\/?page_id=49"},"modified":"2023-08-22T00:20:06","modified_gmt":"2023-08-22T00:20:06","slug":"quienes-somos","status":"publish","type":"page","link":"https:\/\/blog.blindajemedico.org\/index.php\/quienes-somos\/","title":{"rendered":""},"content":{"rendered":"\n<div style=\"height:33px\" aria-hidden=\"true\" class=\"wp-block-spacer\"><\/div>\n\n\n\n<p class=\"has-white-color has-text-color has-large-font-size\"><strong>QUI\u00c9NES SOMOS<\/strong><\/p>\n\n\n\n<div style=\"height:33px\" aria-hidden=\"true\" class=\"wp-block-spacer\"><\/div>\n\n\n\n<figure class=\"wp-block-image size-large\"><img decoding=\"async\" loading=\"lazy\" width=\"1024\" height=\"683\" src=\"https:\/\/blog.blindajemedico.org\/wp-content\/uploads\/2022\/11\/FORBES4-1024x683.jpg\" alt=\"\" class=\"wp-image-265\" srcset=\"https:\/\/blog.blindajemedico.org\/wp-content\/uploads\/2022\/11\/FORBES4-1024x683.jpg 1024w, https:\/\/blog.blindajemedico.org\/wp-content\/uploads\/2022\/11\/FORBES4-300x200.jpg 300w, https:\/\/blog.blindajemedico.org\/wp-content\/uploads\/2022\/11\/FORBES4-768x512.jpg 768w, https:\/\/blog.blindajemedico.org\/wp-content\/uploads\/2022\/11\/FORBES4-1536x1024.jpg 1536w, https:\/\/blog.blindajemedico.org\/wp-content\/uploads\/2022\/11\/FORBES4-2048x1365.jpg 2048w, https:\/\/blog.blindajemedico.org\/wp-content\/uploads\/2022\/11\/FORBES4-600x400.jpg 600w\" sizes=\"(max-width: 1024px) 100vw, 1024px\" \/><\/figure>\n\n\n\n<div style=\"height:33px\" aria-hidden=\"true\" class=\"wp-block-spacer\"><\/div>\n\n\n\n<p class=\"has-white-color has-text-color has-medium-font-size\" style=\"letter-spacing:1px\">Ju\u00e1rez y Asociados Blindaje M\u00e9dico Jur\u00eddico somos un grupo de abogados y peritos especialistas en diversas \u00e1reas del Derecho y la Medicina, ocupados en la reconstrucci\u00f3n de protocolos de seguridad jur\u00eddica en fases anticipativas, preventivas, y en defensas correctivas contundentes.<\/p>\n\n\n\n<p class=\"has-white-color has-text-color has-medium-font-size\" style=\"letter-spacing:1px\">Preocupados por la criminalizaci\u00f3n del acto m\u00e9dico, problem\u00e1tica que entendemos y conocemos como un problema de Salud P\u00fablica, nos caracterizamos por valorar el prestigio del m\u00e9dico como un capital, siendo los \u00fanicos que defendemos su pr\u00e1ctica ante los medios de comunicaci\u00f3n.<\/p>\n\n\n\n<p class=\"has-white-color has-text-color has-medium-font-size\" style=\"letter-spacing:1px\">Actualmente contamos con miles de&nbsp; profesionales de la salud a nivel nacional, que dan constancia del compromiso y servicio que brindamos.<\/p>\n\n\n\n<div style=\"height:61px\" aria-hidden=\"true\" class=\"wp-block-spacer\"><\/div>\n\n\n\n<hr class=\"wp-block-separator has-text-color has-luminous-vivid-amber-color has-alpha-channel-opacity has-luminous-vivid-amber-background-color has-background\"\/>\n\n\n\n<div style=\"height:59px\" aria-hidden=\"true\" class=\"wp-block-spacer\"><\/div>\n\n\n\n<figure class=\"wp-block-image size-large\"><img decoding=\"async\" loading=\"lazy\" width=\"1024\" height=\"512\" src=\"https:\/\/blog.blindajemedico.org\/wp-content\/uploads\/2022\/11\/QUIENES-SOMOS-1-5-1024x512.png\" alt=\"\" class=\"wp-image-480\" srcset=\"https:\/\/blog.blindajemedico.org\/wp-content\/uploads\/2022\/11\/QUIENES-SOMOS-1-5-1024x512.png 1024w, https:\/\/blog.blindajemedico.org\/wp-content\/uploads\/2022\/11\/QUIENES-SOMOS-1-5-300x150.png 300w, https:\/\/blog.blindajemedico.org\/wp-content\/uploads\/2022\/11\/QUIENES-SOMOS-1-5-768x384.png 768w, https:\/\/blog.blindajemedico.org\/wp-content\/uploads\/2022\/11\/QUIENES-SOMOS-1-5-600x300.png 600w, https:\/\/blog.blindajemedico.org\/wp-content\/uploads\/2022\/11\/QUIENES-SOMOS-1-5.png 1200w\" sizes=\"(max-width: 1024px) 100vw, 1024px\" \/><\/figure>\n\n\n\n<p class=\"has-white-color has-text-color\">Creamos e implementamos estrategias y herramientas para blindar, capacitar y defender el patrimonio, el prestigio y la dignidad de los profesionales de la Medicina, incidiendo de forma positiva en la calidad de los servicios de salud por medio de la capacitaci\u00f3n y el blindaje que les damos a nuestros asociados.<\/p>\n\n\n\n<div style=\"height:33px\" aria-hidden=\"true\" class=\"wp-block-spacer\"><\/div>\n\n\n\n<hr class=\"wp-block-separator has-text-color has-luminous-vivid-amber-color has-alpha-channel-opacity has-luminous-vivid-amber-background-color has-background\"\/>\n\n\n\n<div style=\"height:33px\" aria-hidden=\"true\" class=\"wp-block-spacer\"><\/div>\n\n\n\n<figure class=\"wp-block-image size-large\"><img decoding=\"async\" loading=\"lazy\" width=\"1024\" height=\"512\" src=\"https:\/\/blog.blindajemedico.org\/wp-content\/uploads\/2022\/11\/QUIENES-SOMOS-2-6-1024x512.png\" alt=\"\" class=\"wp-image-479\" srcset=\"https:\/\/blog.blindajemedico.org\/wp-content\/uploads\/2022\/11\/QUIENES-SOMOS-2-6-1024x512.png 1024w, https:\/\/blog.blindajemedico.org\/wp-content\/uploads\/2022\/11\/QUIENES-SOMOS-2-6-300x150.png 300w, https:\/\/blog.blindajemedico.org\/wp-content\/uploads\/2022\/11\/QUIENES-SOMOS-2-6-768x384.png 768w, https:\/\/blog.blindajemedico.org\/wp-content\/uploads\/2022\/11\/QUIENES-SOMOS-2-6-600x300.png 600w, https:\/\/blog.blindajemedico.org\/wp-content\/uploads\/2022\/11\/QUIENES-SOMOS-2-6.png 1200w\" sizes=\"(max-width: 1024px) 100vw, 1024px\" \/><\/figure>\n\n\n\n<p class=\"has-white-color has-text-color\">Ser la empresa que brinda el mejor servicio a los profesionales de la medicina, con innovaci\u00f3n y creatividad a trav\u00e9s de la excelencia, efectividad, desarrollo y capacitaci\u00f3n constante de nuestros colaboradores y asociados generando valor para el gremio de la salud por medio del blindaje de su pr\u00e1ctica profesional.<\/p>\n\n\n\n<div style=\"height:33px\" aria-hidden=\"true\" class=\"wp-block-spacer\"><\/div>\n\n\n\n<p class=\"has-white-color has-text-color has-medium-font-size\"><strong><em><br>Te entendemos, porque tambi\u00e9n amamos la Medicina<\/em><\/strong><\/p>\n\n\n\n<div style=\"height:33px\" aria-hidden=\"true\" class=\"wp-block-spacer\"><\/div>\n\n\n\n<hr class=\"wp-block-separator has-text-color has-luminous-vivid-amber-color has-alpha-channel-opacity has-luminous-vivid-amber-background-color has-background\"\/>\n\n\n\n<div style=\"height:53px\" aria-hidden=\"true\" class=\"wp-block-spacer\"><\/div>\n\n\n\n<blockquote class=\"wp-block-quote has-luminous-vivid-amber-color has-text-color\">\n<p class=\"has-white-color has-text-color\" style=\"font-size:25px\"><strong>COLABORACIONES<\/strong><\/p>\n<\/blockquote>\n\n\n\n<div style=\"height:33px\" aria-hidden=\"true\" class=\"wp-block-spacer\"><\/div>\n\n\n\n<figure class=\"wp-block-image size-large is-resized\"><img decoding=\"async\" loading=\"lazy\" src=\"https:\/\/blog.blindajemedico.org\/wp-content\/uploads\/2022\/11\/DSC_0043-1024x712.jpg\" alt=\"\" class=\"wp-image-315\" width=\"547\" height=\"380\" srcset=\"https:\/\/blog.blindajemedico.org\/wp-content\/uploads\/2022\/11\/DSC_0043-1024x712.jpg 1024w, https:\/\/blog.blindajemedico.org\/wp-content\/uploads\/2022\/11\/DSC_0043-300x208.jpg 300w, https:\/\/blog.blindajemedico.org\/wp-content\/uploads\/2022\/11\/DSC_0043-768x534.jpg 768w, https:\/\/blog.blindajemedico.org\/wp-content\/uploads\/2022\/11\/DSC_0043-1536x1067.jpg 1536w, https:\/\/blog.blindajemedico.org\/wp-content\/uploads\/2022\/11\/DSC_0043-2048x1423.jpg 2048w, https:\/\/blog.blindajemedico.org\/wp-content\/uploads\/2022\/11\/DSC_0043-600x417.jpg 600w\" sizes=\"(max-width: 547px) 100vw, 547px\" \/><\/figure>\n\n\n\n<div style=\"height:33px\" aria-hidden=\"true\" class=\"wp-block-spacer\"><\/div>\n\n\n\n<ul class=\"has-white-color has-text-color has-medium-font-size\">\n<li>Asesores del Colegio de Medicina Cr\u00edtica<\/li>\n\n\n\n<li>Miembros de la Comisi\u00f3n de Derecho M\u00e9dico y Sanitario de la FEMECA<\/li>\n\n\n\n<li>Asesores Internacionales de la Academia Colombiana de Cirug\u00eda Pl\u00e1stica Reconstructiva Est\u00e9tica<\/li>\n\n\n\n<li>Delegados del Colegio Federal de Peritos<\/li>\n<\/ul>\n\n\n\n<div style=\"height:33px\" aria-hidden=\"true\" class=\"wp-block-spacer\"><\/div>\n\n\n\n<hr class=\"wp-block-separator has-text-color has-luminous-vivid-amber-color has-alpha-channel-opacity has-luminous-vivid-amber-background-color has-background\"\/>\n\n\n\n<div style=\"height:100px\" aria-hidden=\"true\" class=\"wp-block-spacer\"><\/div>\n\n\n\n<p><\/p>\n","protected":false},"excerpt":{"rendered":"<p>QUI\u00c9NES SOMOS Ju\u00e1rez y Asociados Blindaje M\u00e9dico Jur\u00eddico somos un grupo de abogados y peritos especialistas en diversas \u00e1reas del Derecho y la Medicina, ocupados en la reconstrucci\u00f3n de protocolos de seguridad jur\u00eddica en fases anticipativas, preventivas, y en defensas correctivas contundentes. Preocupados por la criminalizaci\u00f3n del acto m\u00e9dico, problem\u00e1tica que entendemos y conocemos como [&hellip;]<\/p>\n","protected":false},"author":1,"featured_media":0,"parent":0,"menu_order":0,"comment_status":"closed","ping_status":"closed","template":"","meta":{"content-type":"","om_disable_all_campaigns":false,"_monsterinsights_skip_tracking":false,"_monsterinsights_sitenote_active":false,"_monsterinsights_sitenote_note":"","_monsterinsights_sitenote_category":0},"aioseo_notices":[],"jetpack_likes_enabled":true,"jetpack_sharing_enabled":true,"_links":{"self":[{"href":"https:\/\/blog.blindajemedico.org\/index.php\/wp-json\/wp\/v2\/pages\/49"}],"collection":[{"href":"https:\/\/blog.blindajemedico.org\/index.php\/wp-json\/wp\/v2\/pages"}],"about":[{"href":"https:\/\/blog.blindajemedico.org\/index.php\/wp-json\/wp\/v2\/types\/page"}],"author":[{"embeddable":true,"href":"https:\/\/blog.blindajemedico.org\/index.php\/wp-json\/wp\/v2\/users\/1"}],"replies":[{"embeddable":true,"href":"https:\/\/blog.blindajemedico.org\/index.php\/wp-json\/wp\/v2\/comments?post=49"}],"version-history":[{"count":39,"href":"https:\/\/blog.blindajemedico.org\/index.php\/wp-json\/wp\/v2\/pages\/49\/revisions"}],"predecessor-version":[{"id":982,"href":"https:\/\/blog.blindajemedico.org\/index.php\/wp-json\/wp\/v2\/pages\/49\/revisions\/982"}],"wp:attachment":[{"href":"https:\/\/blog.blindajemedico.org\/index.php\/wp-json\/wp\/v2\/media?parent=49"}],"curies":[{"name":"wp","href":"https:\/\/api.w.org\/{rel}","templated":true}]}}