{"id":1356,"date":"2024-01-29T19:38:27","date_gmt":"2024-01-29T19:38:27","guid":{"rendered":"https:\/\/blog.blindajemedico.org\/?page_id=1356"},"modified":"2024-02-27T01:22:21","modified_gmt":"2024-02-27T01:22:21","slug":"terminos-y-condiciones-promocion-san-valentin-auto-sentra-2024","status":"publish","type":"page","link":"https:\/\/blog.blindajemedico.org\/index.php\/terminos-y-condiciones-promocion-san-valentin-auto-sentra-2024\/","title":{"rendered":"T\u00c9RMINOS Y CONDICIONES PROMOCI\u00d3N SAN VALENT\u00cdN AUTO SENTRA 2024"},"content":{"rendered":"\n<p>Actualmente tenemos una promoci\u00f3n para M\u00e9dicos y\/o Profesionales de la Salud, los cuales participar\u00e1n para tener la posibilidad de ganar un autom\u00f3vil modelo Sentra CVT 2024, cuya entrega se realizar\u00e1 en febrero de 2024 con fecha por definir (ver actualizaci\u00f3n en el apartado de RESTRICCIONES).<\/p>\n\n\n\n<p><strong>BASES<\/strong><\/p>\n\n\n\n<p>Queremos demostrar nuestro amor regalando un auto nuevo Sentra CVT 2024 con esta promoci\u00f3n, en este mes del Amor y la Amistad. <\/p>\n\n\n\n<p><img decoding=\"async\" loading=\"lazy\" height=\"16\" width=\"16\" alt=\"\u2705\" src=\"https:\/\/static.xx.fbcdn.net\/images\/emoji.php\/v9\/tb4\/2\/16\/2705.png\"> Renueva o contrata tu Blindaje y obt\u00e9n -25% pagando de contado o difiriendo hasta 12 MSI con Tarjeta de Cr\u00e9dito a trav\u00e9s de PayPal.<\/p>\n\n\n\n<p><img decoding=\"async\" loading=\"lazy\" height=\"16\" width=\"16\" alt=\"\u2705\" src=\"https:\/\/static.xx.fbcdn.net\/images\/emoji.php\/v9\/tb4\/2\/16\/2705.png\"> Promoci\u00f3n v\u00e1lida liquidando durante el plazo de la promoci\u00f3n.<\/p>\n\n\n\n<p><img decoding=\"async\" loading=\"lazy\" height=\"16\" width=\"16\" src=\"https:\/\/static.xx.fbcdn.net\/images\/emoji.php\/v9\/tb4\/2\/16\/2705.png\" alt=\"\u2705\"> Vigencia del 26 de enero al 28 de febrero de 2024.<\/p>\n\n\n\n<p><img decoding=\"async\" loading=\"lazy\" height=\"16\" width=\"16\" alt=\"\u2705\" src=\"https:\/\/static.xx.fbcdn.net\/images\/emoji.php\/v9\/tb4\/2\/16\/2705.png\"> Sujeto a costo m\u00ednimo de $12,000 MXN.<\/p>\n\n\n\n<p><img decoding=\"async\" loading=\"lazy\" height=\"16\" width=\"16\" alt=\"\u2705\" src=\"https:\/\/static.xx.fbcdn.net\/images\/emoji.php\/v9\/tb4\/2\/16\/2705.png\"> Para convenios aplica el -15%.<\/p>\n\n\n\n<p><img decoding=\"async\" loading=\"lazy\" height=\"16\" width=\"16\" alt=\"\u2705\" src=\"https:\/\/static.xx.fbcdn.net\/images\/emoji.php\/v9\/tb4\/2\/16\/2705.png\"> Aplican restricciones.<\/p>\n\n\n\n<p><\/p>\n\n\n\n<p>&#8211;<\/p>\n\n\n\n<p><strong>ESPECIFICACIONES<\/strong><\/p>\n\n\n\n<p>Se entregar\u00e1 un (1) premio de acuerdo a las condiciones siguientes:<\/p>\n\n\n\n<p>\ud83d\udc49\ud83c\udffdEn la promoci\u00f3n participan aquellas personas que cumplan con el pago comprobado, liquidado y registrado durante la vigencia de la promoci\u00f3n (desde las 12 am del 26 de enero de 2024 y hasta el 28 de febrero de 2024 a las 7 pm).<\/p>\n\n\n\n<p><strong>RESTRICCIONES<\/strong><\/p>\n\n\n\n<p>\ud83d\udc49\ud83c\udffdJu\u00e1rez y Asociados Blindaje M\u00e9dico Jur\u00eddico se reserva la facultad de excluir a un participante, si a su juicio exclusivo, comete cualquier infracci\u00f3n o incumplimiento a las disposiciones contenidas en estas promociones.<\/p>\n\n\n\n<p>\ud83d\udc49\ud83c\udffdLos participantes tendr\u00e1n que comprobar su estatus con nombre completo, tel\u00e9fono registrado y Credencial de Elector (INE) u otro documento oficial que haya sido registrado con Blindaje M\u00e9dico Jur\u00eddico al momento de haber contratado o renovado para participar en la din\u00e1mica de regalo.<\/p>\n\n\n\n<p><strong>\u00bfCu\u00e1ndo se efectuar\u00e1 la din\u00e1mica de regalo?<\/strong><\/p>\n\n\n\n<p>Febrero de 2024 (fecha por definir).<\/p>\n\n\n\n<p><strong>Actualizaci\u00f3n: la transmisi\u00f3n para definir al ganador o ganadora del Auto Sentra CVT ser\u00e1 a las 7:00 pm<\/strong> del mi\u00e9rcoles 28 de febrero del 2024.<\/p>\n\n\n\n<p>\ud83d\udc49\ud83c\udffdJu\u00e1rez y Asociados Blindaje M\u00e9dico Jur\u00eddico se reserva el derecho de modificar el d\u00eda de la din\u00e1mica, informando oportunamente a los participantes a trav\u00e9s de los mismos medios en los que esto se comunique.<\/p>\n\n\n\n<p><strong>INFORMACI\u00d3N DEL PREMIO<\/strong><\/p>\n\n\n\n<p>\ud83d\udc49\ud83c\udffdEl premio que se otorgar\u00e1 ser\u00e1 un autom\u00f3vil modelo Sentra CVT A\u00f1o 2024, el cual se entregar\u00e1 al Ganador o Ganadora una vez corroborado lo siguiente:<\/p>\n\n\n\n<p>\ud83d\udc49\ud83c\udffdHaya cumplido cabalmente con todos los requisitos de participaci\u00f3n.<\/p>\n\n\n\n<p>\ud83d\udc49\ud83c\udffdEl Ganador o Ganadora deber\u00e1 proporcionar a Ju\u00e1rez y Asociados Blindaje M\u00e9dico Jur\u00eddico sus datos personales para la entrega del premio (tel\u00e9fono, nombre completo y documento con validez oficial en M\u00e9xico).<\/p>\n\n\n\n<p>\ud83d\udc49\ud83c\udffdEn la situaci\u00f3n de producirse un cambio, \u00e9ste ser\u00e1 debidamente informado al Ganador o Ganadora.<\/p>\n\n\n\n<p>\ud83d\udc49\ud83c\udffdEl Premio no podr\u00e1 ser canjeado por dinero ni por otro tipo de insumo, ni sustituido por otra especie.<\/p>\n\n\n\n<p><strong>NOTIFICACI\u00d3N Y ESPECIFICACIONES DE PREMIO POR GANAR REGALO<\/strong><\/p>\n\n\n\n<p>\ud83d\udc49\ud83c\udffdSe avisar\u00e1 al Ganador o Ganadora por llamada (o mensaje de texto por WhatsApp). En caso que la persona no responda la llamada en 3 ocasiones, se relevar\u00e1 por un siguiente sorteo.<\/p>\n\n\n\n<p>\ud83d\udc49\ud83c\udffdUna vez anunciado el Ganador o Ganadora, este tendr\u00e1 30 d\u00edas para reclamar el premio. Pasado este tiempo, Ju\u00e1rez y Asociados Blindaje M\u00e9dico Jur\u00eddico se reserva el derecho de elegir otro ganador.&nbsp;<\/p>\n\n\n\n<p>\ud83d\udc49\ud83c\udffdJu\u00e1rez y Asociados no se responsabilizar\u00e1 por el estado del mismo, garant\u00edas, robos, da\u00f1os y\/o dem\u00e1s eventualidades que ocurran durante y despu\u00e9s de la actividad en cuesti\u00f3n, cuando el Premio haya sido entregado en f\u00edsico.<\/p>\n\n\n\n<p>\ud83d\udc49\ud83c\udffdSe solicitar\u00e1 la concordancia y disposici\u00f3n de la persona M\u00e9dico(a) y\/o Profesional de la Salud acreditada como Ganador o Ganadora del premio para que realice uno o varios videos en los que su imagen personal, as\u00ed como las de las personas que lo acompa\u00f1en, sea el caso, se usen para fines publicitarios y de marketing por parte de Blindaje M\u00e9dico Jur\u00eddico.<\/p>\n\n\n\n<p>\ud83d\udc49\ud83c\udffdLa participaci\u00f3n en esta din\u00e1mica de regalo, ligada a la promoci\u00f3n, implica el conocimiento y aceptaci\u00f3n de estos t\u00e9rminos y condiciones, as\u00ed como de las decisiones que adopte Ju\u00e1rez y Asociados Blindaje M\u00e9dico Jur\u00eddico sobre cualquier cuesti\u00f3n no prevista en el mismo.&nbsp;<\/p>\n\n\n\n<p>\ud83d\udc49\ud83c\udffdPara la fecha de entrega y el modo de entrega del regalo, Ju\u00e1rez y Asociados Blindaje M\u00e9dico Jur\u00eddico informar\u00e1 debidamente el lugar exacto de la entrega, esto una vez teniendo el conocimiento e informaci\u00f3n, los datos y las regulaciones correspondientes para hacer el traslado\/movimiento de los implicados ganadores en la presente din\u00e1mica.<\/p>\n\n\n\n<p>\ud83d\udc49\ud83c\udffdDesvinculaci\u00f3n con respecto a Facebook e Instagram, y otras redes sociales. Facebook e Instagram no patrocinan, avalan ni administran de modo alguno esta din\u00e1mica, ni est\u00e1 asociado a ella. El usuario se desvincula totalmente de Facebook e Instagram y es consciente de que est\u00e1 proporcionando su informaci\u00f3n a Ju\u00e1rez y Asociados Blindaje M\u00e9dico Jur\u00eddico y no a Facebook.&nbsp;<\/p>\n","protected":false},"excerpt":{"rendered":"<p>Actualmente tenemos una promoci\u00f3n para M\u00e9dicos y\/o Profesionales de la Salud, los cuales participar\u00e1n para tener la posibilidad de ganar un autom\u00f3vil modelo Sentra CVT 2024, cuya entrega se realizar\u00e1 en febrero de 2024 con fecha por definir (ver actualizaci\u00f3n en el apartado de RESTRICCIONES). BASES Queremos demostrar nuestro amor regalando un auto nuevo Sentra [&hellip;]<\/p>\n","protected":false},"author":2,"featured_media":0,"parent":0,"menu_order":0,"comment_status":"closed","ping_status":"closed","template":"","meta":{"content-type":"","om_disable_all_campaigns":false,"_monsterinsights_skip_tracking":false,"_monsterinsights_sitenote_active":false,"_monsterinsights_sitenote_note":"","_monsterinsights_sitenote_category":0},"aioseo_notices":[],"jetpack_likes_enabled":true,"jetpack_sharing_enabled":true,"_links":{"self":[{"href":"https:\/\/blog.blindajemedico.org\/index.php\/wp-json\/wp\/v2\/pages\/1356"}],"collection":[{"href":"https:\/\/blog.blindajemedico.org\/index.php\/wp-json\/wp\/v2\/pages"}],"about":[{"href":"https:\/\/blog.blindajemedico.org\/index.php\/wp-json\/wp\/v2\/types\/page"}],"author":[{"embeddable":true,"href":"https:\/\/blog.blindajemedico.org\/index.php\/wp-json\/wp\/v2\/users\/2"}],"replies":[{"embeddable":true,"href":"https:\/\/blog.blindajemedico.org\/index.php\/wp-json\/wp\/v2\/comments?post=1356"}],"version-history":[{"count":6,"href":"https:\/\/blog.blindajemedico.org\/index.php\/wp-json\/wp\/v2\/pages\/1356\/revisions"}],"predecessor-version":[{"id":1406,"href":"https:\/\/blog.blindajemedico.org\/index.php\/wp-json\/wp\/v2\/pages\/1356\/revisions\/1406"}],"wp:attachment":[{"href":"https:\/\/blog.blindajemedico.org\/index.php\/wp-json\/wp\/v2\/media?parent=1356"}],"curies":[{"name":"wp","href":"https:\/\/api.w.org\/{rel}","templated":true}]}}